{"id":13,"date":"2025-03-07T19:36:23","date_gmt":"2025-03-07T19:36:23","guid":{"rendered":"https:\/\/pag.vxv.mybluehost.me\/faq\/"},"modified":"2025-03-11T20:55:34","modified_gmt":"2025-03-11T20:55:34","slug":"faq","status":"publish","type":"page","link":"https:\/\/imgservicesllc.com\/es\/faq\/","title":{"rendered":"Preguntas Frecuentes"},"content":{"rendered":"<div class=\"nfd-container nfd-p-lg nfd-theme-dark nfd-bg-surface nfd-wb-headings__heading-19 is-style-nfd-theme-dark wp-block-group nfd-bg-effect-grid-2 is-layout-constrained wp-block-group-is-layout-constrained\">\n<div class=\"nfd-gap-xl wp-block-group is-vertical is-content-justification-center is-layout-flex wp-container-core-group-is-layout-ce155fab wp-block-group-is-layout-flex\">\n<h2 class=\"nfd-text-contrast nfd-text-giga nfd-text-balance wp-block-heading has-text-align-center\" style=\"font-style:normal;font-weight:500\">Preguntas Frecuentes<\/h2>\n<\/div>\n<\/div>\n\n\n\n<div class=\"nfd-container nfd-p-lg nfd-gap-2xl nfd-theme-light nfd-bg-surface is-style-nfd-theme-light wp-block-group is-layout-constrained wp-block-group-is-layout-constrained\">\n<div class=\"nfd-gap-2xl wp-block-group is-vertical is-layout-flex wp-container-core-group-is-layout-fe9cc265 wp-block-group-is-layout-flex\">\n<div class=\"nfd-gap-xl nfd-gap-y-2xl wp-block-columns is-layout-flex wp-container-core-columns-is-layout-28f84493 wp-block-columns-is-layout-flex\">\n<div class=\"wp-block-column is-layout-flow wp-block-column-is-layout-flow\">\n<div class=\"nfd-gap-sm wp-block-group is-vertical is-layout-flex wp-container-core-group-is-layout-fe9cc265 wp-block-group-is-layout-flex\">\n<h3 class=\"wp-block-heading nfd-text-md nfd-text-contrast has-contrast-color has-text-color has-link-color has-medium-font-size wp-elements-26c74c22475dfebce36553b090982b7f\" style=\"font-style:normal;font-weight:500\">\u00bfQu\u00e9 servicios ofrecen?<\/h3>\n\n\n\n<p class=\"nfd-text-faded nfd-text-base\">Nos especializamos en la preparaci\u00f3n de una amplia variedad de formularios de inmigraci\u00f3n, garantizando precisi\u00f3n y eficiencia en todo el proceso. Nuestros servicios incluyen asistencia con solicitudes de asilo (I-589), permisos de trabajo (I-765), solicitudes de residencia, peticiones familiares (I-130), exenciones y m\u00e1s. Ya sea que est\u00e9 buscando una visa, ajustando su estatus o presentando una petici\u00f3n para un familiar, estamos aqu\u00ed para guiarlo en la documentaci\u00f3n.<\/p>\n<\/div>\n<\/div>\n\n\n\n<div class=\"wp-block-column is-layout-flow wp-block-column-is-layout-flow\">\n<div class=\"nfd-gap-sm wp-block-group is-vertical is-layout-flex wp-container-core-group-is-layout-fe9cc265 wp-block-group-is-layout-flex\">\n<h3 class=\"wp-block-heading nfd-text-md nfd-text-contrast has-contrast-color has-text-color has-link-color has-medium-font-size wp-elements-063152e628bba4efd6f18e966921087d\" style=\"font-style:normal;font-weight:500\">\u00bfCu\u00e1l es su estructura de precios?<\/h3>\n\n\n\n<p class=\"nfd-text-faded nfd-text-base\">Nuestros precios son competitivos y transparentes, dise\u00f1ados para ser accesibles para nuestros clientes. Proporcionamos cotizaciones detalladas seg\u00fan los servicios espec\u00edficos requeridos, garantizando que no haya tarifas ocultas. Para servicios m\u00e1s especializados, le ofreceremos un presupuesto personalizado basado en sus necesidades espec\u00edficas.<\/p>\n<\/div>\n<\/div>\n\n\n\n<div class=\"wp-block-column is-layout-flow wp-block-column-is-layout-flow\">\n<div class=\"nfd-gap-sm wp-block-group is-vertical is-layout-flex wp-container-core-group-is-layout-fe9cc265 wp-block-group-is-layout-flex\">\n<h3 class=\"wp-block-heading nfd-text-md nfd-text-contrast has-contrast-color has-text-color has-link-color has-medium-font-size wp-elements-ee79a52548d191f36dccefb8b99b97da\" style=\"font-style:normal;font-weight:500\">\u00bfOfrecen servicios biling\u00fces?<\/h3>\n\n\n\n<p class=\"nfd-text-faded nfd-text-base\">S\u00ed, ofrecemos con orgullo servicios biling\u00fces para atender a nuestros clientes de habla hispana. Nuestro equipo es fluido en ingl\u00e9s y espa\u00f1ol, garantizando una comunicaci\u00f3n clara durante todo el proceso de preparaci\u00f3n de documentos.<\/p>\n<\/div>\n<\/div>\n<\/div>\n\n\n\n<div class=\"nfd-gap-xl nfd-gap-y-2xl wp-block-columns is-layout-flex wp-container-core-columns-is-layout-28f84493 wp-block-columns-is-layout-flex\">\n<div class=\"wp-block-column is-layout-flow wp-block-column-is-layout-flow\">\n<div class=\"nfd-gap-sm wp-block-group is-vertical is-layout-flex wp-container-core-group-is-layout-fe9cc265 wp-block-group-is-layout-flex\">\n<h3 class=\"wp-block-heading nfd-text-md nfd-text-contrast has-contrast-color has-text-color has-link-color has-medium-font-size wp-elements-61d2eb019f375f425524777808836f5a\" style=\"font-style:normal;font-weight:500\">\u00bfCu\u00e1nto tiempo tarda el proceso?<\/h3>\n\n\n\n<p class=\"nfd-text-faded nfd-text-base\">El tiempo de preparaci\u00f3n de documentos var\u00eda seg\u00fan la complejidad del caso y el tipo de documento. Generalmente, nuestro equipo completa la documentaci\u00f3n en unos d\u00edas a una semana, dependiendo de la urgencia y los detalles espec\u00edficos de su caso. Una vez que sus documentos est\u00e9n listos, le notificaremos de inmediato y le guiaremos en los pr\u00f3ximos pasos.<\/p>\n<\/div>\n<\/div>\n\n\n\n<div class=\"wp-block-column is-layout-flow wp-block-column-is-layout-flow\">\n<div class=\"nfd-gap-sm wp-block-group is-vertical is-layout-flex wp-container-core-group-is-layout-fe9cc265 wp-block-group-is-layout-flex\">\n<h3 class=\"wp-block-heading nfd-text-md nfd-text-contrast has-contrast-color has-text-color has-link-color has-medium-font-size wp-elements-44b76390daf589efd71566dcca880d92\" style=\"font-style:normal;font-weight:500\">\u00bfQu\u00e9 pasa si necesito servicios de traducci\u00f3n?<\/h3>\n\n\n\n<p class=\"nfd-text-faded nfd-text-base\">Entendemos que la traducci\u00f3n es una parte esencial del proceso de inmigraci\u00f3n. Aunque no ofrecemos servicios de traducci\u00f3n completos, podemos ayudar a preparar y traducir los documentos requeridos como parte de su solicitud. Si necesita servicios adicionales de traducci\u00f3n, podemos recomendarle profesionales de confianza.<\/p>\n<\/div>\n<\/div>\n\n\n\n<div class=\"wp-block-column is-layout-flow wp-block-column-is-layout-flow\">\n<div class=\"nfd-gap-sm wp-block-group is-vertical is-layout-flex wp-container-core-group-is-layout-fe9cc265 wp-block-group-is-layout-flex\">\n<h3 class=\"wp-block-heading nfd-text-md nfd-text-contrast has-contrast-color has-text-color has-link-color has-medium-font-size wp-elements-26a47f70bfc62071f1845b39f651cc4c\" style=\"font-style:normal;font-weight:500\">\u00bfC\u00f3mo puedo contactar a su equipo?<\/h3>\n\n\n\n<div style=\"height:30px\" aria-hidden=\"true\" class=\"wp-block-spacer wp-container-content-cf2db169\"><\/div>\n\n\n\n<p class=\"nfd-text-faded nfd-text-base\" style=\"font-size:clamp(14px, 0.875rem + ((1vw - 3.2px) * 0.135), 16px);\">Puede comunicarse con nosotros por tel\u00e9fono, WhatsApp o correo electr\u00f3nico. Estamos aqu\u00ed para responder cualquier pregunta o inquietud que tenga. <\/p>\n\n\n\n<p style=\"font-size:clamp(14px, 0.875rem + ((1vw - 3.2px) * 0.135), 16px);\" class=\"\"><strong>Tel\u00e9fono:<\/strong> (970)-405-7673<\/p>\n\n\n\n<p style=\"font-size:clamp(14px, 0.875rem + ((1vw - 3.2px) * 0.135), 16px);\" class=\"\"><strong>Correo electr\u00f3nico:<\/strong> imgservices23@gmail.com<\/p>\n\n\n\n<p style=\"font-size:clamp(14px, 0.875rem + ((1vw - 3.2px) * 0.135), 16px);\" class=\"\"><strong>WhatsApp:<\/strong> (970)-405-7673<br><\/p>\n<\/div>\n<\/div>\n<\/div>\n<\/div>\n\n\n\n<div class=\"wp-block-columns is-layout-flex wp-container-core-columns-is-layout-28f84493 wp-block-columns-is-layout-flex\">\n<div class=\"wp-block-column is-layout-flow wp-block-column-is-layout-flow\">\n<h2 class=\"wp-block-heading has-contrast-color has-text-color has-link-color has-medium-font-size wp-elements-455ca63734372d7c58b2eb1e34f35a8f\" style=\"font-style:normal;font-weight:500\">\u00bfGarantizan la aprobaci\u00f3n de mi solicitud?<\/h2>\n\n\n\n<p class=\"\">Si bien nos aseguramos de que todos los documentos est\u00e9n correctamente completados y revisados minuciosamente, no podemos garantizar la aprobaci\u00f3n. La decisi\u00f3n final depende de las autoridades de inmigraci\u00f3n, y no podemos predecir ni controlar el resultado. Sin embargo, nuestros servicios garantizan que sus documentos se presenten correctamente, minimizando errores que puedan causar retrasos o rechazos.<\/p>\n<\/div>\n\n\n\n<div class=\"wp-block-column is-layout-flow wp-block-column-is-layout-flow\">\n<h2 class=\"wp-block-heading has-contrast-color has-text-color has-link-color has-medium-font-size wp-elements-a93ae8dba5689c0100e80935a7c28c0b\" style=\"font-style:normal;font-weight:500\">\u00bfQu\u00e9 documentos debo proporcionar?<\/h2>\n\n\n\n<p class=\"\">Los documentos requeridos var\u00edan seg\u00fan el servicio que necesite. Generalmente, deber\u00e1 proporcionar documentos de identificaci\u00f3n, registros previos de inmigraci\u00f3n y los formularios espec\u00edficos de su caso. Una vez que nos contacte, lo guiaremos paso a paso sobre lo que necesita para su situaci\u00f3n.<\/p>\n<\/div>\n\n\n\n<div class=\"wp-block-column is-layout-flow wp-block-column-is-layout-flow\">\n<h2 class=\"wp-block-heading has-contrast-color has-text-color has-link-color has-medium-font-size wp-elements-7300b3cb1160105a8a74fcec1f53d348\" style=\"font-style:normal;font-weight:500\">\u00bfC\u00f3mo puedo pagar por sus servicios?<\/h2>\n\n\n\n<p class=\"\">Aceptamos pagos a trav\u00e9s de m\u00faltiples canales, incluyendo tarjetas de cr\u00e9dito, tarjetas de d\u00e9bito y transferencias electr\u00f3nicas. Despu\u00e9s de recibir su cotizaci\u00f3n, le proporcionaremos los detalles de pago y podr\u00e1 elegir la opci\u00f3n m\u00e1s conveniente para usted.<\/p>\n<\/div>\n<\/div>\n\n\n\n<div class=\"wp-block-columns is-layout-flex wp-container-core-columns-is-layout-28f84493 wp-block-columns-is-layout-flex\">\n<div class=\"wp-block-column is-layout-flow wp-block-column-is-layout-flow\">\n<h2 class=\"wp-block-heading has-contrast-color has-text-color has-link-color has-medium-font-size wp-elements-2ee4e37bf4737f231d3da4eeed32c000\" style=\"font-style:normal;font-weight:500\">\u00bfC\u00f3mo s\u00e9 si necesito sus servicios?<\/h2>\n\n\n\n<p class=\"\">Si no est\u00e1 seguro de si necesita ayuda con sus documentos de inmigraci\u00f3n, no dude en contactarnos para una consulta. Podemos revisar su caso y determinar qu\u00e9 servicios requiere. Estamos aqu\u00ed para guiarlo durante el proceso y asegurarnos de que toda su documentaci\u00f3n est\u00e9 correctamente preparada.<\/p>\n<\/div>\n\n\n\n<div class=\"wp-block-column is-layout-flow wp-block-column-is-layout-flow\">\n<h2 class=\"wp-block-heading has-contrast-color has-text-color has-link-color has-medium-font-size wp-elements-9ed4705264893aee2dba95e00a6bdf24\" style=\"font-style:normal;font-weight:500\">\u00bfPuedo iniciar mi caso en l\u00ednea?<\/h2>\n\n\n\n<div style=\"height:17px\" aria-hidden=\"true\" class=\"wp-block-spacer\"><\/div>\n\n\n\n<p class=\"\">\u00a1S\u00ed! Ofrecemos consultas remotas y podemos iniciar la mayor\u00eda de los casos en l\u00ednea. Una vez que nos contacte, programaremos una consulta donde podr\u00e1 compartir sus detalles de manera segura. Luego, le guiaremos sobre qu\u00e9 documentos preparar y lo asistiremos en la finalizaci\u00f3n de su papeleo desde la comodidad de su hogar.<\/p>\n<\/div>\n\n\n\n<div class=\"wp-block-column is-layout-flow wp-block-column-is-layout-flow\">\n<h2 class=\"wp-block-heading has-contrast-color has-text-color has-link-color has-medium-font-size wp-elements-eb6f39cfc5cb8ef9a779e20e2aaa54fb\" style=\"font-style:normal;font-weight:500\">\u00bfQu\u00e9 sucede si cometo un error en mi solicitud?<\/h2>\n\n\n\n<p class=\"\">\u00a1No se preocupe! Si comete un error en sus documentos, lo detectaremos antes de enviarlos. Revisamos cuidadosamente todos los formularios para garantizar su exactitud y completitud. Si encontramos alg\u00fan problema, trabajaremos con usted para corregirlo.<\/p>\n<\/div>\n<\/div>\n\n\n\n<div class=\"wp-block-columns is-layout-flex wp-container-core-columns-is-layout-28f84493 wp-block-columns-is-layout-flex\">\n<div class=\"wp-block-column is-layout-flow wp-block-column-is-layout-flow\">\n<h2 class=\"wp-block-heading has-contrast-color has-text-color has-link-color has-medium-font-size wp-elements-21f88e3fd64020df49b82ea9d66a34ec\" style=\"font-style:normal;font-weight:500\">\u00bfBrindan asesor\u00eda legal?<\/h2>\n\n\n\n<div style=\"height:17px\" aria-hidden=\"true\" class=\"wp-block-spacer\"><\/div>\n\n\n\n<p class=\"\">No, no somos abogados licenciados y no podemos brindar asesor\u00eda legal. Nuestro rol es ayudarlo con la preparaci\u00f3n de documentos de inmigraci\u00f3n seg\u00fan la informaci\u00f3n que usted nos proporcione. Si necesita asesor\u00eda legal, podemos referirlo a un abogado con licencia que pueda ayudarle.<\/p>\n<\/div>\n\n\n\n<div class=\"wp-block-column is-layout-flow wp-block-column-is-layout-flow\">\n<h2 class=\"wp-block-heading has-contrast-color has-text-color has-link-color has-medium-font-size wp-elements-e2236693c561964e2589c08146a02e06\" style=\"font-style:normal;font-weight:500\">\u00bfCu\u00e1les son sus horarios de atenci\u00f3n?<\/h2>\n\n\n\n<div style=\"height:17px\" aria-hidden=\"true\" class=\"wp-block-spacer\"><\/div>\n\n\n\n<p class=\"\">Nuestro horario de atenci\u00f3n es de lunes a viernes, de 9 AM a 6 PM. Tambi\u00e9n ofrecemos consultas en la tarde o noche con cita previa.<\/p>\n<\/div>\n\n\n\n<div class=\"wp-block-column is-layout-flow wp-block-column-is-layout-flow\">\n<h2 class=\"wp-block-heading has-contrast-color has-text-color has-link-color has-medium-font-size wp-elements-a6d40c37b53015b4bf239328af332406\" style=\"font-style:normal;font-weight:500\">\u00bfC\u00f3mo s\u00e9 si mi caso es complicado?<\/h2>\n\n\n\n<p class=\"\">La complejidad de su caso generalmente depende de su estatus migratorio y el tipo de solicitud que est\u00e9 presentando. Si tiene preguntas o inquietudes sobre su situaci\u00f3n, no dude en contactarnos para una consulta gratuita, y le ayudaremos a evaluar sus necesidades.<\/p>\n<\/div>\n<\/div>\n\n\n\n<div class=\"wp-block-columns is-layout-flex wp-container-core-columns-is-layout-28f84493 wp-block-columns-is-layout-flex\">\n<div class=\"wp-block-column is-layout-flow wp-block-column-is-layout-flow\">\n<h2 class=\"wp-block-heading has-contrast-color has-text-color has-link-color has-medium-font-size wp-elements-07ea8c3447c23e56605721bf24fbba8a\" style=\"font-style:normal;font-weight:500\">\u00bfPueden ayudarme con casos de inmigraci\u00f3n complejos?<\/h2>\n\n\n\n<p class=\"\">S\u00ed, nos especializamos en casos complejos, incluyendo solicitudes de asilo, peticiones familiares y renovaciones de permisos de trabajo. Aunque no podemos brindar asesor\u00eda legal, nuestro equipo tiene amplio conocimiento en el proceso de inmigraci\u00f3n y puede ayudar a preparar los documentos necesarios.<\/p>\n<\/div>\n\n\n\n<div class=\"wp-block-column is-layout-flow wp-block-column-is-layout-flow\">\n<h2 class=\"wp-block-heading has-contrast-color has-text-color has-link-color has-medium-font-size wp-elements-1b00f90da66d5bdf50cd5e9dc0010ebc\" style=\"font-style:normal;font-weight:500\">\u00bfOfrecen servicios para personas fuera de Colorado?<\/h2>\n\n\n\n<p class=\"\">\u00a1S\u00ed! Atendemos a clientes en todo Estados Unidos. Ya sea que est\u00e9 en Colorado o en cualquier otra parte del pa\u00eds, podemos ayudarle con la preparaci\u00f3n de sus documentos de inmigraci\u00f3n. La mayor\u00eda de nuestros servicios se realizan de forma remota, por lo que la distancia no es un problema.<\/p>\n<\/div>\n<\/div>\n\n\n\n<div class=\"nfd-container wp-block-group is-layout-constrained wp-container-core-group-is-layout-f36bc466 wp-block-group-is-layout-constrained\">\n<div class=\"nfd-p-card-md nfd-gap-xl nfd-shadow-xs nfd-bg-surface nfd-theme-white nfd-rounded is-style-nfd-theme-white wp-block-group is-content-justification-space-between is-layout-flex wp-container-core-group-is-layout-9366075c wp-block-group-is-layout-flex\">\n<div class=\"nfd-gap-md wp-block-group is-layout-flex wp-block-group-is-layout-flex\">\n<div class=\"nfd-gap-0 wp-block-group is-vertical is-layout-flex wp-container-core-group-is-layout-fe9cc265 wp-block-group-is-layout-flex\">\n<p class=\"nfd-text-md\" style=\"font-style:normal;font-weight:600\">\u00bfNecesita ayuda con sus documentos?<\/p>\n\n\n\n<p class=\"nfd-text-base nfd-text-faded\">Our team is ready to help you navigate the immigration process. Don&#8217;t hesitate to<\/p>\n<\/div>\n<\/div>\n\n\n\n<div class=\"wp-block-buttons is-layout-flex wp-block-buttons-is-layout-flex\">\n<div class=\"nfd-btn-wide  wp-block-button\"><a class=\"wp-block-button__link wp-element-button\" href=\"https:\/\/imgservicesllc.com\/es\/contact\/\">Cont\u00e1ctanos<\/a><\/div>\n<\/div>\n<\/div>\n<\/div>\n\n\n\n<div style=\"height:40px\" aria-hidden=\"true\" class=\"wp-block-spacer\"><\/div>\n<\/div>","protected":false},"excerpt":{"rendered":"<p>Frequently Asked Questions What services do you offer? We specialize in preparing a wide range of immigration forms, ensuring accuracy and efficiency throughout the process. Our services include assistance with asylum applications (I-589), work permits (I-765), residency applications, family petitions (I-130), waivers, and more. Whether you are seeking a visa, adjusting your status, or filing [&hellip;]<\/p>\n","protected":false},"author":1,"featured_media":0,"parent":0,"menu_order":0,"comment_status":"closed","ping_status":"closed","template":"no-title","meta":{"nf_dc_page":"faq","om_disable_all_campaigns":false,"_monsterinsights_skip_tracking":false,"_monsterinsights_sitenote_active":false,"_monsterinsights_sitenote_note":"","_monsterinsights_sitenote_category":0,"footnotes":""},"class_list":["post-13","page","type-page","status-publish","hentry"],"yoast_head":"<!-- This site is optimized with the Yoast SEO plugin v27.4 - https:\/\/yoast.com\/product\/yoast-seo-wordpress\/ -->\n<title>Frequently Asked Questions - Welcome<\/title>\n<meta name=\"robots\" content=\"index, follow, max-snippet:-1, max-image-preview:large, max-video-preview:-1\" \/>\n<link rel=\"canonical\" href=\"https:\/\/imgservicesllc.com\/es\/faq\/\" \/>\n<meta property=\"og:locale\" content=\"es_ES\" \/>\n<meta property=\"og:type\" content=\"article\" \/>\n<meta property=\"og:title\" content=\"Frequently Asked Questions - Welcome\" \/>\n<meta property=\"og:description\" content=\"Frequently Asked Questions What services do you offer? We specialize in preparing a wide range of immigration forms, ensuring accuracy and efficiency throughout the process. Our services include assistance with asylum applications (I-589), work permits (I-765), residency applications, family petitions (I-130), waivers, and more. Whether you are seeking a visa, adjusting your status, or filing [&hellip;]\" \/>\n<meta property=\"og:url\" content=\"https:\/\/imgservicesllc.com\/es\/faq\/\" \/>\n<meta property=\"og:site_name\" content=\"Welcome\" \/>\n<meta property=\"article:modified_time\" content=\"2025-03-11T20:55:34+00:00\" \/>\n<meta name=\"twitter:card\" content=\"summary_large_image\" \/>\n<meta name=\"twitter:site\" content=\"@IMGServicesLLC\" \/>\n<meta name=\"twitter:label1\" content=\"Est. reading time\" \/>\n\t<meta name=\"twitter:data1\" content=\"4 minutos\" \/>\n<script type=\"application\/ld+json\" class=\"yoast-schema-graph\">{\"@context\":\"https:\\\/\\\/schema.org\",\"@graph\":[{\"@type\":\"WebPage\",\"@id\":\"https:\\\/\\\/imgservicesllc.com\\\/faq\\\/\",\"url\":\"https:\\\/\\\/imgservicesllc.com\\\/faq\\\/\",\"name\":\"Frequently Asked Questions - Welcome\",\"isPartOf\":{\"@id\":\"https:\\\/\\\/pag.vxv.mybluehost.me\\\/#website\"},\"datePublished\":\"2025-03-07T19:36:23+00:00\",\"dateModified\":\"2025-03-11T20:55:34+00:00\",\"breadcrumb\":{\"@id\":\"https:\\\/\\\/imgservicesllc.com\\\/faq\\\/#breadcrumb\"},\"inLanguage\":\"es-CR\",\"potentialAction\":[{\"@type\":\"ReadAction\",\"target\":[\"https:\\\/\\\/imgservicesllc.com\\\/faq\\\/\"]}]},{\"@type\":\"BreadcrumbList\",\"@id\":\"https:\\\/\\\/imgservicesllc.com\\\/faq\\\/#breadcrumb\",\"itemListElement\":[{\"@type\":\"ListItem\",\"position\":1,\"name\":\"Home\",\"item\":\"https:\\\/\\\/imgservicesllc.com\\\/\"},{\"@type\":\"ListItem\",\"position\":2,\"name\":\"Frequently Asked Questions\"}]},{\"@type\":\"WebSite\",\"@id\":\"https:\\\/\\\/pag.vxv.mybluehost.me\\\/#website\",\"url\":\"https:\\\/\\\/pag.vxv.mybluehost.me\\\/\",\"name\":\"IMG Services LLC\",\"description\":\"\",\"publisher\":{\"@id\":\"https:\\\/\\\/pag.vxv.mybluehost.me\\\/#organization\"},\"potentialAction\":[{\"@type\":\"SearchAction\",\"target\":{\"@type\":\"EntryPoint\",\"urlTemplate\":\"https:\\\/\\\/pag.vxv.mybluehost.me\\\/?s={search_term_string}\"},\"query-input\":{\"@type\":\"PropertyValueSpecification\",\"valueRequired\":true,\"valueName\":\"search_term_string\"}}],\"inLanguage\":\"es-CR\"},{\"@type\":\"Organization\",\"@id\":\"https:\\\/\\\/pag.vxv.mybluehost.me\\\/#organization\",\"name\":\"IMG Services LLC\",\"url\":\"https:\\\/\\\/pag.vxv.mybluehost.me\\\/\",\"logo\":{\"@type\":\"ImageObject\",\"inLanguage\":\"es-CR\",\"@id\":\"https:\\\/\\\/pag.vxv.mybluehost.me\\\/#\\\/schema\\\/logo\\\/image\\\/\",\"url\":\"https:\\\/\\\/i0.wp.com\\\/imgservicesllc.com\\\/wp-content\\\/uploads\\\/2025\\\/03\\\/img-services-edited.png?fit=250%2C167&ssl=1\",\"contentUrl\":\"https:\\\/\\\/i0.wp.com\\\/imgservicesllc.com\\\/wp-content\\\/uploads\\\/2025\\\/03\\\/img-services-edited.png?fit=250%2C167&ssl=1\",\"width\":250,\"height\":167,\"caption\":\"IMG Services LLC\"},\"image\":{\"@id\":\"https:\\\/\\\/pag.vxv.mybluehost.me\\\/#\\\/schema\\\/logo\\\/image\\\/\"},\"sameAs\":[\"https:\\\/\\\/x.com\\\/IMGServicesLLC\"]}]}<\/script>\n<!-- \/ Yoast SEO plugin. -->","yoast_head_json":{"title":"Frequently Asked Questions - Welcome","robots":{"index":"index","follow":"follow","max-snippet":"max-snippet:-1","max-image-preview":"max-image-preview:large","max-video-preview":"max-video-preview:-1"},"canonical":"https:\/\/imgservicesllc.com\/es\/faq\/","og_locale":"es_ES","og_type":"article","og_title":"Frequently Asked Questions - Welcome","og_description":"Frequently Asked Questions What services do you offer? We specialize in preparing a wide range of immigration forms, ensuring accuracy and efficiency throughout the process. Our services include assistance with asylum applications (I-589), work permits (I-765), residency applications, family petitions (I-130), waivers, and more. Whether you are seeking a visa, adjusting your status, or filing [&hellip;]","og_url":"https:\/\/imgservicesllc.com\/es\/faq\/","og_site_name":"Welcome","article_modified_time":"2025-03-11T20:55:34+00:00","twitter_card":"summary_large_image","twitter_site":"@IMGServicesLLC","twitter_misc":{"Est. reading time":"4 minutos"},"schema":{"@context":"https:\/\/schema.org","@graph":[{"@type":"WebPage","@id":"https:\/\/imgservicesllc.com\/faq\/","url":"https:\/\/imgservicesllc.com\/faq\/","name":"Frequently Asked Questions - Welcome","isPartOf":{"@id":"https:\/\/pag.vxv.mybluehost.me\/#website"},"datePublished":"2025-03-07T19:36:23+00:00","dateModified":"2025-03-11T20:55:34+00:00","breadcrumb":{"@id":"https:\/\/imgservicesllc.com\/faq\/#breadcrumb"},"inLanguage":"es-CR","potentialAction":[{"@type":"ReadAction","target":["https:\/\/imgservicesllc.com\/faq\/"]}]},{"@type":"BreadcrumbList","@id":"https:\/\/imgservicesllc.com\/faq\/#breadcrumb","itemListElement":[{"@type":"ListItem","position":1,"name":"Home","item":"https:\/\/imgservicesllc.com\/"},{"@type":"ListItem","position":2,"name":"Frequently Asked Questions"}]},{"@type":"WebSite","@id":"https:\/\/pag.vxv.mybluehost.me\/#website","url":"https:\/\/pag.vxv.mybluehost.me\/","name":"IMG Services LLC","description":"","publisher":{"@id":"https:\/\/pag.vxv.mybluehost.me\/#organization"},"potentialAction":[{"@type":"SearchAction","target":{"@type":"EntryPoint","urlTemplate":"https:\/\/pag.vxv.mybluehost.me\/?s={search_term_string}"},"query-input":{"@type":"PropertyValueSpecification","valueRequired":true,"valueName":"search_term_string"}}],"inLanguage":"es-CR"},{"@type":"Organization","@id":"https:\/\/pag.vxv.mybluehost.me\/#organization","name":"IMG Services LLC","url":"https:\/\/pag.vxv.mybluehost.me\/","logo":{"@type":"ImageObject","inLanguage":"es-CR","@id":"https:\/\/pag.vxv.mybluehost.me\/#\/schema\/logo\/image\/","url":"https:\/\/i0.wp.com\/imgservicesllc.com\/wp-content\/uploads\/2025\/03\/img-services-edited.png?fit=250%2C167&ssl=1","contentUrl":"https:\/\/i0.wp.com\/imgservicesllc.com\/wp-content\/uploads\/2025\/03\/img-services-edited.png?fit=250%2C167&ssl=1","width":250,"height":167,"caption":"IMG Services LLC"},"image":{"@id":"https:\/\/pag.vxv.mybluehost.me\/#\/schema\/logo\/image\/"},"sameAs":["https:\/\/x.com\/IMGServicesLLC"]}]}},"jetpack_sharing_enabled":true,"_links":{"self":[{"href":"https:\/\/imgservicesllc.com\/es\/wp-json\/wp\/v2\/pages\/13","targetHints":{"allow":["GET"]}}],"collection":[{"href":"https:\/\/imgservicesllc.com\/es\/wp-json\/wp\/v2\/pages"}],"about":[{"href":"https:\/\/imgservicesllc.com\/es\/wp-json\/wp\/v2\/types\/page"}],"author":[{"embeddable":true,"href":"https:\/\/imgservicesllc.com\/es\/wp-json\/wp\/v2\/users\/1"}],"replies":[{"embeddable":true,"href":"https:\/\/imgservicesllc.com\/es\/wp-json\/wp\/v2\/comments?post=13"}],"version-history":[{"count":8,"href":"https:\/\/imgservicesllc.com\/es\/wp-json\/wp\/v2\/pages\/13\/revisions"}],"predecessor-version":[{"id":79,"href":"https:\/\/imgservicesllc.com\/es\/wp-json\/wp\/v2\/pages\/13\/revisions\/79"}],"wp:attachment":[{"href":"https:\/\/imgservicesllc.com\/es\/wp-json\/wp\/v2\/media?parent=13"}],"curies":[{"name":"wp","href":"https:\/\/api.w.org\/{rel}","templated":true}]}}