{"id":9,"date":"2025-03-07T19:36:09","date_gmt":"2025-03-07T19:36:09","guid":{"rendered":"https:\/\/pag.vxv.mybluehost.me\/about-us\/"},"modified":"2025-03-12T23:00:56","modified_gmt":"2025-03-12T23:00:56","slug":"about-us","status":"publish","type":"page","link":"https:\/\/imgservicesllc.com\/es\/about-us\/","title":{"rendered":"Sobre Nosotros"},"content":{"rendered":"<div class=\"nfd-container nfd-text-md nfd-wb-text__text-1 wp-block-group is-layout-constrained wp-block-group-is-layout-constrained\">\n<div class=\"nfd-max-w-prose wp-block-group is-vertical is-content-justification-left is-layout-flex wp-container-core-group-is-layout-dd225191 wp-block-group-is-layout-flex\">\n<h2 class=\"nfd-text-xl nfd-text-balance wp-block-heading\" style=\"font-style:normal;font-weight:600\">Sobre Nosotros<\/h2>\n\n\n\n<p class=\"has-drop-cap translation-block\">En IMG Services LLC, nos especializamos en la <strong>preparaci\u00f3n de documentos de inmigraci\u00f3n precisa, eficiente y asequible<\/strong> para individuos y familias que navegan el sistema de inmigraci\u00f3n de los EE. UU. Nuestro equipo experimentado est\u00e1 dedicado a <strong>ayudarle a completar los formularios correctamente y a tiempo<\/strong>, minimizando retrasos y asegurando que su proceso de solicitud se desarrolle sin problemas.<\/p>\n\n\n\n<p class=\"translation-block\">Entendemos que el papeleo de inmigraci\u00f3n puede ser abrumador y que incluso peque\u00f1os errores pueden causar retrasos innecesarios. Por eso, nos enfocamos en brindar <strong>orientaci\u00f3n clara y paso a paso<\/strong> para ayudarle a completar solicitudes de asilo, permisos de trabajo, peticiones familiares, solicitudes de residencia y m\u00e1s.<\/p>\n<\/div>\n<\/div>\n\n\n\n<div class=\"nfd-container nfd-text-md nfd-wb-text__text-5 wp-block-group is-layout-constrained wp-container-core-group-is-layout-346627ba wp-block-group-is-layout-constrained\">\n<div class=\"nfd-max-w-prose wp-block-group is-layout-grid wp-container-core-group-is-layout-478b6e6b wp-block-group-is-layout-grid\"><\/div>\n\n\n\n<div class=\"nfd-max-w-prose nfd-gap-lg wp-block-columns is-layout-flex wp-container-core-columns-is-layout-28f84493 wp-block-columns-is-layout-flex\">\n<div class=\"wp-block-column is-layout-flow wp-block-column-is-layout-flow\">\n<p class=\"translation-block\">En IMG Services LLC, estamos comprometidos a convertirnos en un recurso confiable y accesible para los inmigrantes que buscan <strong>asistencia profesional<\/strong> con sus necesidades de documentaci\u00f3n. Nuestro objetivo es eliminar el estr\u00e9s y la incertidumbre del papeleo de inmigraci\u00f3n al ofrecer servicios <strong>claros, eficientes y asequibles<\/strong>. Buscamos establecer un nuevo est\u00e1ndar en la industria al priorizar la <strong>transparencia y precisi\u00f3n<\/strong>, asegurando que cada individuo y familia que atendemos tenga la mejor experiencia posible. A medida que crecemos, nos esforzamos por ampliar nuestro alcance y ayudar a m\u00e1s personas a navegar el complejo sistema de inmigraci\u00f3n con <strong>confianza y tranquilidad<\/strong>.<\/p>\n\n\n\n<div style=\"height:2px\" aria-hidden=\"true\" class=\"wp-block-spacer\"><\/div>\n\n\n\n<p class=\"translation-block\">Si est\u00e1 buscando <strong>servicios confiables de preparaci\u00f3n de documentos de inmigraci\u00f3n<\/strong>, estamos aqu\u00ed para ayudarle. <strong><a href=\"https:\/\/imgservicesllc.com\/es\/contact\/\" target=\"_self\">Cont\u00e1ctenos hoy<\/a><\/strong> para programar una consulta y dar el siguiente paso hacia sus objetivos de inmigraci\u00f3n.<br><\/p>\n<\/div>\n\n\n\n<div class=\"wp-block-column is-layout-flow wp-block-column-is-layout-flow\">\n<p class=\"translation-block\">Estamos comprometidos a brindar servicios de <strong>preparaci\u00f3n de documentos de inmigraci\u00f3n<\/strong> de alta calidad que ayuden a individuos y familias a completar su documentaci\u00f3n con <strong>precisi\u00f3n y cumplimiento<\/strong>. Creemos en mantener el m\u00e1s alto nivel de profesionalismo, integridad y responsabilidad \u00e9tica en todos los aspectos de nuestro trabajo. Al ofrecer <strong>apoyo personalizado<\/strong>, servicios biling\u00fces y orientaci\u00f3n clara, empoderamos a nuestros clientes para que tomen el control de su proceso de inmigraci\u00f3n.<\/p>\n\n\n\n<p class=\"translation-block\">Tambi\u00e9n estamos trabajando para <strong>calificar para subvenciones<\/strong> con el objetivo de ofrecer <strong>servicios gratuitos o a costo reducido<\/strong> a personas necesitadas, asegurando que las limitaciones financieras no impidan a nadie recibir ayuda. A trav\u00e9s de nuestra dedicaci\u00f3n, eficiencia y un enfoque centrado en el cliente, estamos construyendo un negocio que genera una <strong>verdadera diferencia<\/strong> en la vida de quienes servimos.<\/p>\n<\/div>\n<\/div>\n<\/div>\n\n\n\n<div class=\"nfd-container wp-block-group alignfull is-layout-constrained wp-block-group-is-layout-constrained\">\n<div class=\"nfd-bg-surface nfd-theme-darker is-style-nfd-theme-darker wp-block-group alignfull is-layout-flow wp-block-group-is-layout-flow\">\n<div class=\"nfd-p-0 wp-block-cover\" style=\"min-height:100px;aspect-ratio:unset;\"><span aria-hidden=\"true\" class=\"wp-block-cover__background has-background-dim\"><\/span><img decoding=\"async\" loading=\"lazy\" class=\"wp-block-cover__image-background\" alt=\"\" src=\"https:\/\/images.unsplash.com\/photo-1578016981482-d4dd3db297b1?ixlib=rb-4.0.3&amp;ixid=MnwxMjA3fDB8MHxwaG90by1wYWdlfHx8fGVufDB8fHx8&amp;auto=format&amp;fit=crop&amp;w=3270&amp;q=80&amp;w=1200&amp;h=&amp;crop=\" data-object-fit=\"cover\"\/><div class=\"wp-block-cover__inner-container is-layout-constrained wp-block-cover-is-layout-constrained\">\n<div class=\"nfd-gap-2xl nfd-p-lg wp-block-group nfd-bg-effect-lines is-vertical is-content-justification-center is-layout-flex wp-container-core-group-is-layout-ce155fab wp-block-group-is-layout-flex\">\n<h2 class=\"nfd-text-xl nfd-text-contrast nfd-text-balance wp-block-heading has-text-align-center\">\u00a1Prepare sus documentos de inmigraci\u00f3n hoy mismo!<\/h2>\n\n\n\n<div class=\"nfd-gap-md wp-block-group is-vertical is-content-justification-center is-layout-flex wp-container-core-group-is-layout-ce155fab wp-block-group-is-layout-flex\">\n<div class=\"md:nfd-items-start nfd-gap-md wp-block-group is-vertical is-content-justification-center is-layout-flex wp-container-core-group-is-layout-ce155fab wp-block-group-is-layout-flex\">\n<div class=\"nfd-text-md wp-block-buttons is-content-justification-left is-layout-flex wp-container-core-buttons-is-layout-fc4fd283 wp-block-buttons-is-layout-flex\">\n<div class=\"nfd-btn-xl  wp-block-button\"><a class=\"wp-block-button__link wp-element-button\">Asistencia experta a precios accesibles<\/a><\/div>\n<\/div>\n\n\n\n<div class=\"nfd-text-xs  wp-block-group is-nowrap is-layout-flex wp-container-core-group-is-layout-6c531013 wp-block-group-is-layout-flex\">\n<p class=\"has-text-align-left\" style=\"text-transform:uppercase\"><strong style=\"margin-right: 4px\">\u2713 <\/strong>Servicios biling\u00fces para su comodidad<\/p>\n\n\n\n<p class=\"has-text-align-left\" style=\"text-transform:uppercase\"><strong style=\"margin-right: 4px\">\u2713 <\/strong>Comience su solicitud ahora<\/p>\n<\/div>\n<\/div>\n<\/div>\n<\/div>\n<\/div><\/div>\n<\/div>\n<\/div>","protected":false},"excerpt":{"rendered":"<p>About Us We at IMG Services LLC specialize in accurate, efficient, and affordable immigration document preparation for individuals and families navigating the U.S. immigration system. Our experienced team is dedicated to helping you complete forms correctly and on time, minimizing delays, and ensuring your application process runs smoothly. We understand that immigration paperwork can be [&hellip;]<\/p>\n","protected":false},"author":1,"featured_media":0,"parent":0,"menu_order":0,"comment_status":"closed","ping_status":"closed","template":"no-title","meta":{"nf_dc_page":"about-us","om_disable_all_campaigns":false,"_monsterinsights_skip_tracking":false,"_monsterinsights_sitenote_active":false,"_monsterinsights_sitenote_note":"","_monsterinsights_sitenote_category":0,"footnotes":""},"class_list":["post-9","page","type-page","status-publish","hentry"],"yoast_head":"<!-- This site is optimized with the Yoast SEO plugin v27.4 - https:\/\/yoast.com\/product\/yoast-seo-wordpress\/ -->\n<title>About Us - Welcome<\/title>\n<meta name=\"robots\" content=\"index, follow, max-snippet:-1, max-image-preview:large, max-video-preview:-1\" \/>\n<link rel=\"canonical\" href=\"https:\/\/imgservicesllc.com\/es\/about-us\/\" \/>\n<meta property=\"og:locale\" content=\"es_ES\" \/>\n<meta property=\"og:type\" content=\"article\" \/>\n<meta property=\"og:title\" content=\"About Us - Welcome\" \/>\n<meta property=\"og:description\" content=\"About Us We at IMG Services LLC specialize in accurate, efficient, and affordable immigration document preparation for individuals and families navigating the U.S. immigration system. Our experienced team is dedicated to helping you complete forms correctly and on time, minimizing delays, and ensuring your application process runs smoothly. We understand that immigration paperwork can be [&hellip;]\" \/>\n<meta property=\"og:url\" content=\"https:\/\/imgservicesllc.com\/es\/about-us\/\" \/>\n<meta property=\"og:site_name\" content=\"Welcome\" \/>\n<meta property=\"article:modified_time\" content=\"2025-03-12T23:00:56+00:00\" \/>\n<meta property=\"og:image\" content=\"https:\/\/images.unsplash.com\/photo-1578016981482-d4dd3db297b1?ixlib=rb-4.0.3&amp;ixid=MnwxMjA3fDB8MHxwaG90by1wYWdlfHx8fGVufDB8fHx8&amp;auto=format&amp;fit=crop&amp;w=3270&amp;q=80&amp;w=1200&amp;h=&amp;crop=\" \/>\n<meta name=\"twitter:card\" content=\"summary_large_image\" \/>\n<meta name=\"twitter:site\" content=\"@IMGServicesLLC\" \/>\n<meta name=\"twitter:label1\" content=\"Est. reading time\" \/>\n\t<meta name=\"twitter:data1\" content=\"1 minuto\" \/>\n<script type=\"application\/ld+json\" class=\"yoast-schema-graph\">{\"@context\":\"https:\\\/\\\/schema.org\",\"@graph\":[{\"@type\":\"WebPage\",\"@id\":\"https:\\\/\\\/imgservicesllc.com\\\/about-us\\\/\",\"url\":\"https:\\\/\\\/imgservicesllc.com\\\/about-us\\\/\",\"name\":\"About Us - Welcome\",\"isPartOf\":{\"@id\":\"https:\\\/\\\/pag.vxv.mybluehost.me\\\/#website\"},\"primaryImageOfPage\":{\"@id\":\"https:\\\/\\\/imgservicesllc.com\\\/about-us\\\/#primaryimage\"},\"image\":{\"@id\":\"https:\\\/\\\/imgservicesllc.com\\\/about-us\\\/#primaryimage\"},\"thumbnailUrl\":\"https:\\\/\\\/images.unsplash.com\\\/photo-1578016981482-d4dd3db297b1?ixlib=rb-4.0.3&amp;ixid=MnwxMjA3fDB8MHxwaG90by1wYWdlfHx8fGVufDB8fHx8&amp;auto=format&amp;fit=crop&amp;w=3270&amp;q=80&amp;w=1200&amp;h=&amp;crop=\",\"datePublished\":\"2025-03-07T19:36:09+00:00\",\"dateModified\":\"2025-03-12T23:00:56+00:00\",\"breadcrumb\":{\"@id\":\"https:\\\/\\\/imgservicesllc.com\\\/about-us\\\/#breadcrumb\"},\"inLanguage\":\"es-CR\",\"potentialAction\":[{\"@type\":\"ReadAction\",\"target\":[\"https:\\\/\\\/imgservicesllc.com\\\/about-us\\\/\"]}]},{\"@type\":\"ImageObject\",\"inLanguage\":\"es-CR\",\"@id\":\"https:\\\/\\\/imgservicesllc.com\\\/about-us\\\/#primaryimage\",\"url\":\"https:\\\/\\\/images.unsplash.com\\\/photo-1578016981482-d4dd3db297b1?ixlib=rb-4.0.3&amp;ixid=MnwxMjA3fDB8MHxwaG90by1wYWdlfHx8fGVufDB8fHx8&amp;auto=format&amp;fit=crop&amp;w=3270&amp;q=80&amp;w=1200&amp;h=&amp;crop=\",\"contentUrl\":\"https:\\\/\\\/images.unsplash.com\\\/photo-1578016981482-d4dd3db297b1?ixlib=rb-4.0.3&amp;ixid=MnwxMjA3fDB8MHxwaG90by1wYWdlfHx8fGVufDB8fHx8&amp;auto=format&amp;fit=crop&amp;w=3270&amp;q=80&amp;w=1200&amp;h=&amp;crop=\"},{\"@type\":\"BreadcrumbList\",\"@id\":\"https:\\\/\\\/imgservicesllc.com\\\/about-us\\\/#breadcrumb\",\"itemListElement\":[{\"@type\":\"ListItem\",\"position\":1,\"name\":\"Home\",\"item\":\"https:\\\/\\\/imgservicesllc.com\\\/\"},{\"@type\":\"ListItem\",\"position\":2,\"name\":\"About Us\"}]},{\"@type\":\"WebSite\",\"@id\":\"https:\\\/\\\/pag.vxv.mybluehost.me\\\/#website\",\"url\":\"https:\\\/\\\/pag.vxv.mybluehost.me\\\/\",\"name\":\"IMG Services LLC\",\"description\":\"\",\"publisher\":{\"@id\":\"https:\\\/\\\/pag.vxv.mybluehost.me\\\/#organization\"},\"potentialAction\":[{\"@type\":\"SearchAction\",\"target\":{\"@type\":\"EntryPoint\",\"urlTemplate\":\"https:\\\/\\\/pag.vxv.mybluehost.me\\\/?s={search_term_string}\"},\"query-input\":{\"@type\":\"PropertyValueSpecification\",\"valueRequired\":true,\"valueName\":\"search_term_string\"}}],\"inLanguage\":\"es-CR\"},{\"@type\":\"Organization\",\"@id\":\"https:\\\/\\\/pag.vxv.mybluehost.me\\\/#organization\",\"name\":\"IMG Services LLC\",\"url\":\"https:\\\/\\\/pag.vxv.mybluehost.me\\\/\",\"logo\":{\"@type\":\"ImageObject\",\"inLanguage\":\"es-CR\",\"@id\":\"https:\\\/\\\/pag.vxv.mybluehost.me\\\/#\\\/schema\\\/logo\\\/image\\\/\",\"url\":\"https:\\\/\\\/i0.wp.com\\\/imgservicesllc.com\\\/wp-content\\\/uploads\\\/2025\\\/03\\\/img-services-edited.png?fit=250%2C167&ssl=1\",\"contentUrl\":\"https:\\\/\\\/i0.wp.com\\\/imgservicesllc.com\\\/wp-content\\\/uploads\\\/2025\\\/03\\\/img-services-edited.png?fit=250%2C167&ssl=1\",\"width\":250,\"height\":167,\"caption\":\"IMG Services LLC\"},\"image\":{\"@id\":\"https:\\\/\\\/pag.vxv.mybluehost.me\\\/#\\\/schema\\\/logo\\\/image\\\/\"},\"sameAs\":[\"https:\\\/\\\/x.com\\\/IMGServicesLLC\"]}]}<\/script>\n<!-- \/ Yoast SEO plugin. -->","yoast_head_json":{"title":"About Us - Welcome","robots":{"index":"index","follow":"follow","max-snippet":"max-snippet:-1","max-image-preview":"max-image-preview:large","max-video-preview":"max-video-preview:-1"},"canonical":"https:\/\/imgservicesllc.com\/es\/about-us\/","og_locale":"es_ES","og_type":"article","og_title":"About Us - Welcome","og_description":"About Us We at IMG Services LLC specialize in accurate, efficient, and affordable immigration document preparation for individuals and families navigating the U.S. immigration system. Our experienced team is dedicated to helping you complete forms correctly and on time, minimizing delays, and ensuring your application process runs smoothly. We understand that immigration paperwork can be [&hellip;]","og_url":"https:\/\/imgservicesllc.com\/es\/about-us\/","og_site_name":"Welcome","article_modified_time":"2025-03-12T23:00:56+00:00","og_image":[{"url":"https:\/\/images.unsplash.com\/photo-1578016981482-d4dd3db297b1?ixlib=rb-4.0.3&amp;ixid=MnwxMjA3fDB8MHxwaG90by1wYWdlfHx8fGVufDB8fHx8&amp;auto=format&amp;fit=crop&amp;w=3270&amp;q=80&amp;w=1200&amp;h=&amp;crop=","type":"","width":"","height":""}],"twitter_card":"summary_large_image","twitter_site":"@IMGServicesLLC","twitter_misc":{"Est. reading time":"1 minuto"},"schema":{"@context":"https:\/\/schema.org","@graph":[{"@type":"WebPage","@id":"https:\/\/imgservicesllc.com\/about-us\/","url":"https:\/\/imgservicesllc.com\/about-us\/","name":"About Us - Welcome","isPartOf":{"@id":"https:\/\/pag.vxv.mybluehost.me\/#website"},"primaryImageOfPage":{"@id":"https:\/\/imgservicesllc.com\/about-us\/#primaryimage"},"image":{"@id":"https:\/\/imgservicesllc.com\/about-us\/#primaryimage"},"thumbnailUrl":"https:\/\/images.unsplash.com\/photo-1578016981482-d4dd3db297b1?ixlib=rb-4.0.3&amp;ixid=MnwxMjA3fDB8MHxwaG90by1wYWdlfHx8fGVufDB8fHx8&amp;auto=format&amp;fit=crop&amp;w=3270&amp;q=80&amp;w=1200&amp;h=&amp;crop=","datePublished":"2025-03-07T19:36:09+00:00","dateModified":"2025-03-12T23:00:56+00:00","breadcrumb":{"@id":"https:\/\/imgservicesllc.com\/about-us\/#breadcrumb"},"inLanguage":"es-CR","potentialAction":[{"@type":"ReadAction","target":["https:\/\/imgservicesllc.com\/about-us\/"]}]},{"@type":"ImageObject","inLanguage":"es-CR","@id":"https:\/\/imgservicesllc.com\/about-us\/#primaryimage","url":"https:\/\/images.unsplash.com\/photo-1578016981482-d4dd3db297b1?ixlib=rb-4.0.3&amp;ixid=MnwxMjA3fDB8MHxwaG90by1wYWdlfHx8fGVufDB8fHx8&amp;auto=format&amp;fit=crop&amp;w=3270&amp;q=80&amp;w=1200&amp;h=&amp;crop=","contentUrl":"https:\/\/images.unsplash.com\/photo-1578016981482-d4dd3db297b1?ixlib=rb-4.0.3&amp;ixid=MnwxMjA3fDB8MHxwaG90by1wYWdlfHx8fGVufDB8fHx8&amp;auto=format&amp;fit=crop&amp;w=3270&amp;q=80&amp;w=1200&amp;h=&amp;crop="},{"@type":"BreadcrumbList","@id":"https:\/\/imgservicesllc.com\/about-us\/#breadcrumb","itemListElement":[{"@type":"ListItem","position":1,"name":"Home","item":"https:\/\/imgservicesllc.com\/"},{"@type":"ListItem","position":2,"name":"About Us"}]},{"@type":"WebSite","@id":"https:\/\/pag.vxv.mybluehost.me\/#website","url":"https:\/\/pag.vxv.mybluehost.me\/","name":"IMG Services LLC","description":"","publisher":{"@id":"https:\/\/pag.vxv.mybluehost.me\/#organization"},"potentialAction":[{"@type":"SearchAction","target":{"@type":"EntryPoint","urlTemplate":"https:\/\/pag.vxv.mybluehost.me\/?s={search_term_string}"},"query-input":{"@type":"PropertyValueSpecification","valueRequired":true,"valueName":"search_term_string"}}],"inLanguage":"es-CR"},{"@type":"Organization","@id":"https:\/\/pag.vxv.mybluehost.me\/#organization","name":"IMG Services LLC","url":"https:\/\/pag.vxv.mybluehost.me\/","logo":{"@type":"ImageObject","inLanguage":"es-CR","@id":"https:\/\/pag.vxv.mybluehost.me\/#\/schema\/logo\/image\/","url":"https:\/\/i0.wp.com\/imgservicesllc.com\/wp-content\/uploads\/2025\/03\/img-services-edited.png?fit=250%2C167&ssl=1","contentUrl":"https:\/\/i0.wp.com\/imgservicesllc.com\/wp-content\/uploads\/2025\/03\/img-services-edited.png?fit=250%2C167&ssl=1","width":250,"height":167,"caption":"IMG Services LLC"},"image":{"@id":"https:\/\/pag.vxv.mybluehost.me\/#\/schema\/logo\/image\/"},"sameAs":["https:\/\/x.com\/IMGServicesLLC"]}]}},"jetpack_sharing_enabled":true,"_links":{"self":[{"href":"https:\/\/imgservicesllc.com\/es\/wp-json\/wp\/v2\/pages\/9","targetHints":{"allow":["GET"]}}],"collection":[{"href":"https:\/\/imgservicesllc.com\/es\/wp-json\/wp\/v2\/pages"}],"about":[{"href":"https:\/\/imgservicesllc.com\/es\/wp-json\/wp\/v2\/types\/page"}],"author":[{"embeddable":true,"href":"https:\/\/imgservicesllc.com\/es\/wp-json\/wp\/v2\/users\/1"}],"replies":[{"embeddable":true,"href":"https:\/\/imgservicesllc.com\/es\/wp-json\/wp\/v2\/comments?post=9"}],"version-history":[{"count":6,"href":"https:\/\/imgservicesllc.com\/es\/wp-json\/wp\/v2\/pages\/9\/revisions"}],"predecessor-version":[{"id":113,"href":"https:\/\/imgservicesllc.com\/es\/wp-json\/wp\/v2\/pages\/9\/revisions\/113"}],"wp:attachment":[{"href":"https:\/\/imgservicesllc.com\/es\/wp-json\/wp\/v2\/media?parent=9"}],"curies":[{"name":"wp","href":"https:\/\/api.w.org\/{rel}","templated":true}]}}